{"id":13006,"date":"2023-02-17T20:46:28","date_gmt":"2023-02-17T20:46:28","guid":{"rendered":"http:\/\/prowibo.org\/?page_id=13006"},"modified":"2026-01-15T16:21:49","modified_gmt":"2026-01-15T16:21:49","slug":"finances","status":"publish","type":"page","link":"https:\/\/prowibo.org\/fr\/finances\/","title":{"rendered":"Finances"},"content":{"rendered":"<div data-elementor-type=\"wp-page\" data-elementor-id=\"13006\" class=\"elementor elementor-13006\" data-elementor-post-type=\"page\">\n\t\t\t\t\t\t<section class=\"elementor-section elementor-top-section elementor-element elementor-element-259c5a9 elementor-section-boxed elementor-section-height-default elementor-section-height-default\" data-id=\"259c5a9\" data-element_type=\"section\" data-e-type=\"section\">\n\t\t\t\t\t\t<div class=\"elementor-container elementor-column-gap-default\">\n\t\t\t\t\t<div class=\"elementor-column elementor-col-100 elementor-top-column elementor-element elementor-element-cb798ce\" data-id=\"cb798ce\" data-element_type=\"column\" data-e-type=\"column\">\n\t\t\t<div class=\"elementor-widget-wrap elementor-element-populated\">\n\t\t\t\t\t\t<div class=\"elementor-element elementor-element-e86cd64 elementor-widget elementor-widget-page-title\" data-id=\"e86cd64\" data-element_type=\"widget\" data-e-type=\"widget\" data-settings=\"{&quot;align&quot;:&quot;center&quot;}\" data-widget_type=\"page-title.default\">\n\t\t\t\t<div class=\"elementor-widget-container\">\n\t\t\t\t\t\t\t\n\t\t<div class=\"hfe-page-title hfe-page-title-wrapper elementor-widget-heading\">\n\n\t\t\t\t\t\t\t\t<h2 class=\"elementor-heading-title elementor-size-default\">\n\t\t\t\t\t\t\t\t\n\t\t\t\tFinances  \n\t\t\t<\/h2> \n\t\t\t\t\t<\/div>\n\t\t\t\t\t\t<\/div>\n\t\t\t\t<\/div>\n\t\t\t\t\t<\/div>\n\t\t<\/div>\n\t\t\t\t\t<\/div>\n\t\t<\/section>\n\t\t\t\t<section class=\"elementor-section elementor-top-section elementor-element elementor-element-4d7a087 elementor-section-boxed elementor-section-height-default elementor-section-height-default\" data-id=\"4d7a087\" data-element_type=\"section\" data-e-type=\"section\">\n\t\t\t\t\t\t<div class=\"elementor-container elementor-column-gap-default\">\n\t\t\t\t\t<div class=\"elementor-column elementor-col-100 elementor-top-column elementor-element elementor-element-5420ac5\" data-id=\"5420ac5\" data-element_type=\"column\" data-e-type=\"column\">\n\t\t\t<div class=\"elementor-widget-wrap elementor-element-populated\">\n\t\t\t\t\t\t<div class=\"elementor-element elementor-element-99330e8 elementor-widget elementor-widget-heading\" data-id=\"99330e8\" data-element_type=\"widget\" data-e-type=\"widget\" data-widget_type=\"heading.default\">\n\t\t\t\t<div class=\"elementor-widget-container\">\n\t\t\t\t\t<h2 class=\"elementor-heading-title elementor-size-large\">Comment votre argent est utilis\u00e9<\/h2>\t\t\t\t<\/div>\n\t\t\t\t<\/div>\n\t\t\t\t<div class=\"elementor-element elementor-element-7d5c3b6 elementor-widget elementor-widget-text-editor\" data-id=\"7d5c3b6\" data-element_type=\"widget\" data-e-type=\"widget\" data-widget_type=\"text-editor.default\">\n\t\t\t\t<div class=\"elementor-widget-container\">\n\t\t\t\t\t\t\t\t\t<p dir=\"ltr\" style=\"line-height: 1.38; background-color: #ffffff; margin-top: 0pt; margin-bottom: 0pt; padding: 0pt 0pt 8pt 0pt;\"><span id=\"docs-internal-guid-306bee36-7fff-816a-cade-d8b858ab5b0f\">Chez Professors Without Borders, nous croyons fermement \u00e0 la transparence et \u00e0 la responsabilit\u00e9 dans toutes nos activit\u00e9s. Nous sommes fiers de partager ces rapports annuels qui t\u00e9moignent des efforts diligents de notre \u00e9quipe et de nos b\u00e9n\u00e9voles d\u00e9vou\u00e9s, ainsi que des g\u00e9n\u00e9reuses contributions de nos donateurs. Gr\u00e2ce \u00e0 leur soutien, nous avons pu obtenir un impact significatif avec des fonds relativement modestes.<\/span><span style=\"font-weight: 400;\"><br \/><\/span><\/p>\t\t\t\t\t\t\t\t<\/div>\n\t\t\t\t<\/div>\n\t\t\t\t\t<\/div>\n\t\t<\/div>\n\t\t\t\t\t<\/div>\n\t\t<\/section>\n\t\t\t\t<section class=\"elementor-section elementor-top-section elementor-element elementor-element-9410899 elementor-section-boxed elementor-section-height-default elementor-section-height-default\" data-id=\"9410899\" data-element_type=\"section\" data-e-type=\"section\">\n\t\t\t\t\t\t<div class=\"elementor-container elementor-column-gap-default\">\n\t\t\t\t\t<div class=\"elementor-column elementor-col-100 elementor-top-column elementor-element elementor-element-adf5080\" data-id=\"adf5080\" data-element_type=\"column\" data-e-type=\"column\">\n\t\t\t<div class=\"elementor-widget-wrap elementor-element-populated\">\n\t\t\t\t\t\t<div class=\"elementor-element elementor-element-65bbfad elementor-widget elementor-widget-heading\" data-id=\"65bbfad\" data-element_type=\"widget\" data-e-type=\"widget\" data-widget_type=\"heading.default\">\n\t\t\t\t<div class=\"elementor-widget-container\">\n\t\t\t\t\t<h2 class=\"elementor-heading-title elementor-size-large\">Professors Without Borders \/ Professeurs Sans Fronti\u00e8res<span style=\"color: inherit\"><\/span><br><\/h2>\t\t\t\t<\/div>\n\t\t\t\t<\/div>\n\t\t\t\t<section class=\"elementor-section elementor-inner-section elementor-element elementor-element-bf22c95 elementor-section-height-min-height elementor-section-boxed elementor-section-height-default\" data-id=\"bf22c95\" data-element_type=\"section\" data-e-type=\"section\">\n\t\t\t\t\t\t<div class=\"elementor-container elementor-column-gap-custom\">\n\t\t\t\t\t<div class=\"elementor-column elementor-col-50 elementor-inner-column elementor-element elementor-element-21ee278\" data-id=\"21ee278\" data-element_type=\"column\" data-e-type=\"column\">\n\t\t\t<div class=\"elementor-widget-wrap elementor-element-populated\">\n\t\t\t\t\t\t<div class=\"elementor-element elementor-element-97e35c0 elementor-position-top elementor-widget elementor-widget-image-box\" data-id=\"97e35c0\" data-element_type=\"widget\" data-e-type=\"widget\" data-widget_type=\"image-box.default\">\n\t\t\t\t<div class=\"elementor-widget-container\">\n\t\t\t\t\t<div class=\"elementor-image-box-wrapper\"><figure class=\"elementor-image-box-img\"><a href=\"https:\/\/prowibo.org\/wp-content\/uploads\/2026\/01\/2024-25-Annual-Report.pdf\" target=\"_blank\" tabindex=\"-1\"><img fetchpriority=\"high\" decoding=\"async\" width=\"1119\" height=\"1119\" src=\"https:\/\/prowibo.org\/wp-content\/uploads\/2026\/01\/24-25-Report-Cover.png\" class=\"elementor-animation-grow attachment-full size-full wp-image-34022\" alt=\"\" srcset=\"https:\/\/prowibo.org\/wp-content\/uploads\/2026\/01\/24-25-Report-Cover.png 1119w, https:\/\/prowibo.org\/wp-content\/uploads\/2026\/01\/24-25-Report-Cover-300x300.png 300w, https:\/\/prowibo.org\/wp-content\/uploads\/2026\/01\/24-25-Report-Cover-1024x1024.png 1024w, https:\/\/prowibo.org\/wp-content\/uploads\/2026\/01\/24-25-Report-Cover-150x150.png 150w, https:\/\/prowibo.org\/wp-content\/uploads\/2026\/01\/24-25-Report-Cover-768x768.png 768w, https:\/\/prowibo.org\/wp-content\/uploads\/2026\/01\/24-25-Report-Cover-12x12.png 12w\" sizes=\"(max-width: 1119px) 100vw, 1119px\" \/><\/a><\/figure><div class=\"elementor-image-box-content\"><h2 class=\"elementor-image-box-title\"><a href=\"https:\/\/prowibo.org\/wp-content\/uploads\/2026\/01\/2024-25-Annual-Report.pdf\" target=\"_blank\">Rapport Annuel 2024\/25 <br>(UK)<\/a><\/h2><\/div><\/div>\t\t\t\t<\/div>\n\t\t\t\t<\/div>\n\t\t\t\t\t<\/div>\n\t\t<\/div>\n\t\t\t\t<div class=\"elementor-column elementor-col-50 elementor-inner-column elementor-element elementor-element-9e51d30\" data-id=\"9e51d30\" data-element_type=\"column\" data-e-type=\"column\">\n\t\t\t<div class=\"elementor-widget-wrap elementor-element-populated\">\n\t\t\t\t\t\t<div class=\"elementor-element elementor-element-2dbb2d3 elementor-position-top elementor-widget elementor-widget-image-box\" data-id=\"2dbb2d3\" data-element_type=\"widget\" data-e-type=\"widget\" data-widget_type=\"image-box.default\">\n\t\t\t\t<div class=\"elementor-widget-container\">\n\t\t\t\t\t<div class=\"elementor-image-box-wrapper\"><figure class=\"elementor-image-box-img\"><a href=\"https:\/\/prowibo.org\/wp-content\/uploads\/2026\/01\/2024-25-Lux-Annual-Report.pdf\" target=\"_blank\" tabindex=\"-1\"><img decoding=\"async\" width=\"1162\" height=\"1162\" src=\"https:\/\/prowibo.org\/wp-content\/uploads\/2026\/01\/24-25-Lux-Report-Cover.png\" class=\"elementor-animation-grow attachment-full size-full wp-image-34199\" alt=\"\" srcset=\"https:\/\/prowibo.org\/wp-content\/uploads\/2026\/01\/24-25-Lux-Report-Cover.png 1162w, https:\/\/prowibo.org\/wp-content\/uploads\/2026\/01\/24-25-Lux-Report-Cover-300x300.png 300w, https:\/\/prowibo.org\/wp-content\/uploads\/2026\/01\/24-25-Lux-Report-Cover-1024x1024.png 1024w, https:\/\/prowibo.org\/wp-content\/uploads\/2026\/01\/24-25-Lux-Report-Cover-150x150.png 150w, https:\/\/prowibo.org\/wp-content\/uploads\/2026\/01\/24-25-Lux-Report-Cover-768x768.png 768w, https:\/\/prowibo.org\/wp-content\/uploads\/2026\/01\/24-25-Lux-Report-Cover-12x12.png 12w\" sizes=\"(max-width: 1162px) 100vw, 1162px\" \/><\/a><\/figure><div class=\"elementor-image-box-content\"><h2 class=\"elementor-image-box-title\"><a href=\"https:\/\/prowibo.org\/wp-content\/uploads\/2026\/01\/2024-25-Lux-Annual-Report.pdf\" target=\"_blank\">Rapport Annuel 2024\/25 (<span style=\"text-align: left\">Luxembourg<\/span><span style=\"color: inherit\">)<\/span><span style=\"color: inherit\"><\/span><br><\/a><\/h2><\/div><\/div>\t\t\t\t<\/div>\n\t\t\t\t<\/div>\n\t\t\t\t\t<\/div>\n\t\t<\/div>\n\t\t\t\t\t<\/div>\n\t\t<\/section>\n\t\t\t\t\t<\/div>\n\t\t<\/div>\n\t\t\t\t\t<\/div>\n\t\t<\/section>\n\t\t\t\t<section class=\"elementor-section elementor-top-section elementor-element elementor-element-e72ada3 elementor-section-boxed elementor-section-height-default elementor-section-height-default\" data-id=\"e72ada3\" data-element_type=\"section\" data-e-type=\"section\">\n\t\t\t\t\t\t<div class=\"elementor-container elementor-column-gap-default\">\n\t\t\t\t\t<div class=\"elementor-column elementor-col-100 elementor-top-column elementor-element elementor-element-151d958\" data-id=\"151d958\" data-element_type=\"column\" data-e-type=\"column\">\n\t\t\t<div class=\"elementor-widget-wrap elementor-element-populated\">\n\t\t\t\t\t\t<div class=\"elementor-element elementor-element-a7d6a46 elementor-widget elementor-widget-n-accordion\" data-id=\"a7d6a46\" data-element_type=\"widget\" data-e-type=\"widget\" data-settings=\"{&quot;default_state&quot;:&quot;all_collapsed&quot;,&quot;max_items_expended&quot;:&quot;one&quot;,&quot;n_accordion_animation_duration&quot;:{&quot;unit&quot;:&quot;ms&quot;,&quot;size&quot;:400,&quot;sizes&quot;:[]}}\" data-widget_type=\"nested-accordion.default\">\n\t\t\t\t<div class=\"elementor-widget-container\">\n\t\t\t\t\t\t\t<div class=\"e-n-accordion\" aria-label=\"Accordion. Open links with Enter or Space, close with Escape, and navigate with Arrow Keys\">\n\t\t\t\t\t\t<details id=\"e-n-accordion-item-1750\" class=\"e-n-accordion-item\" >\n\t\t\t\t<summary class=\"e-n-accordion-item-title\" data-accordion-index=\"1\" tabindex=\"0\" aria-expanded=\"false\" aria-controls=\"e-n-accordion-item-1750\" >\n\t\t\t\t\t<span class='e-n-accordion-item-title-header'><div class=\"e-n-accordion-item-title-text\"> Rapports Ant\u00e9rieurs <\/div><\/span>\n\t\t\t\t\t\t\t<span class='e-n-accordion-item-title-icon'>\n\t\t\t<span class='e-opened' ><i aria-hidden=\"true\" class=\"fas fa-minus\"><\/i><\/span>\n\t\t\t<span class='e-closed'><i aria-hidden=\"true\" class=\"fas fa-plus\"><\/i><\/span>\n\t\t<\/span>\n\n\t\t\t\t\t\t<\/summary>\n\t\t\t\t<div role=\"region\" aria-labelledby=\"e-n-accordion-item-1750\" class=\"elementor-element elementor-element-5103293 e-con-full e-flex e-con e-child\" data-id=\"5103293\" data-element_type=\"container\" data-e-type=\"container\">\n\t\t\t\t<div class=\"elementor-element elementor-element-6ea72eb elementor-widget elementor-widget-text-editor\" data-id=\"6ea72eb\" data-element_type=\"widget\" data-e-type=\"widget\" data-widget_type=\"text-editor.default\">\n\t\t\t\t<div class=\"elementor-widget-container\">\n\t\t\t\t\t\t\t\t\t<p><a href=\"https:\/\/prowibo.org\/wp-content\/uploads\/2025\/03\/2023-24-Annual-Report.pdf\" target=\"_blank\" rel=\"noopener\">Rapport Annuel 2023\/24 (UK)<\/a><\/p><p><a href=\"https:\/\/prowibo.org\/wp-content\/uploads\/2023\/12\/2022-23-Annual-Report.pdf\" target=\"_blank\" rel=\"noopener\">Rapport Annuel 2022\/23 (UK)<\/a><\/p><p><a href=\"https:\/\/prowibo.org\/wp-content\/uploads\/2023\/02\/2021-22-Annual-Report.pdf\" target=\"_blank\" rel=\"noopener\">Rapport Annuel 2021\/22 (UK)<\/a><\/p><p><a href=\"https:\/\/prowibo.org\/wp-content\/uploads\/2023\/03\/2020-Annual-Report.pdf\" target=\"_blank\" rel=\"noopener\">Rapport Annuel 2020 (UK)<\/a><\/p><p><a href=\"https:\/\/prowibo.org\/wp-content\/uploads\/2023\/03\/2019-Annual-Report.pdf\" target=\"_blank\" rel=\"noopener\">Rapport Annuel 2019 (UK)<\/a><\/p><p><a href=\"https:\/\/prowibo.org\/wp-content\/uploads\/2023\/03\/2018-Annual-Report.pdf\" target=\"_blank\" rel=\"noopener\">Rapport Annuel 2018 (UK)<\/a><\/p><p><a href=\"https:\/\/prowibo.org\/wp-content\/uploads\/2023\/02\/2017-Annual-Report.pdf\" target=\"_blank\" rel=\"noopener\">Rapport Annuel 2017 (UK)<\/a><\/p><p><a href=\"https:\/\/prowibo.org\/wp-content\/uploads\/2023\/02\/2016-Annual-Report.pdf\" target=\"_blank\" rel=\"noopener\">Rapport Annuel 2016 (UK)<\/a><\/p>\t\t\t\t\t\t\t\t<\/div>\n\t\t\t\t<\/div>\n\t\t\t\t<\/div>\n\t\t\t\t\t<\/details>\n\t\t\t\t\t<\/div>\n\t\t\t\t\t\t<\/div>\n\t\t\t\t<\/div>\n\t\t\t\t\t<\/div>\n\t\t<\/div>\n\t\t\t\t\t<\/div>\n\t\t<\/section>\n\t\t\t\t<section class=\"elementor-section elementor-top-section elementor-element elementor-element-6e974fd elementor-section-boxed elementor-section-height-default elementor-section-height-default\" data-id=\"6e974fd\" data-element_type=\"section\" data-e-type=\"section\">\n\t\t\t\t\t\t<div class=\"elementor-container elementor-column-gap-default\">\n\t\t\t\t\t<div class=\"elementor-column elementor-col-100 elementor-top-column elementor-element elementor-element-dec0ce8\" data-id=\"dec0ce8\" data-element_type=\"column\" data-e-type=\"column\">\n\t\t\t<div class=\"elementor-widget-wrap elementor-element-populated\">\n\t\t\t\t\t\t<div class=\"elementor-element elementor-element-5ea715d elementor-widget elementor-widget-text-editor\" data-id=\"5ea715d\" data-element_type=\"widget\" data-e-type=\"widget\" data-widget_type=\"text-editor.default\">\n\t\t\t\t<div class=\"elementor-widget-container\">\n\t\t\t\t\t\t\t\t\t<p style=\"text-align: center;\">Si vous souhaitez contribuer \u00e0 notre mission, nous vous invitons \u00e0 faire un don. Pour en savoir plus ou vous impliquer, n\u2019h\u00e9sitez pas \u00e0 nous contacter.\u00a0<span style=\"font-weight: var( --e-global-typography-text-font-weight );\">contact us.<\/span><\/p>\t\t\t\t\t\t\t\t<\/div>\n\t\t\t\t<\/div>\n\t\t\t\t\t<\/div>\n\t\t<\/div>\n\t\t\t\t\t<\/div>\n\t\t<\/section>\n\t\t\t\t<section class=\"elementor-section elementor-top-section elementor-element elementor-element-6e976c9 elementor-section-boxed elementor-section-height-default elementor-section-height-default\" data-id=\"6e976c9\" data-element_type=\"section\" data-e-type=\"section\">\n\t\t\t\t\t\t<div class=\"elementor-container elementor-column-gap-default\">\n\t\t\t\t\t<div class=\"elementor-column elementor-col-50 elementor-top-column elementor-element elementor-element-31bc964\" data-id=\"31bc964\" data-element_type=\"column\" data-e-type=\"column\">\n\t\t\t<div class=\"elementor-widget-wrap elementor-element-populated\">\n\t\t\t\t\t\t<div class=\"elementor-element elementor-element-a9858de elementor-align-right elementor-mobile-align-center elementor-widget elementor-widget-button\" data-id=\"a9858de\" data-element_type=\"widget\" data-e-type=\"widget\" data-widget_type=\"button.default\">\n\t\t\t\t<div class=\"elementor-widget-container\">\n\t\t\t\t\t\t\t\t\t<div class=\"elementor-button-wrapper\">\n\t\t\t\t\t<a class=\"elementor-button elementor-button-link elementor-size-sm\" href=\"http:\/\/prowibo.org\/fr\/donate\/\">\n\t\t\t\t\t\t<span class=\"elementor-button-content-wrapper\">\n\t\t\t\t\t\t\t\t\t<span class=\"elementor-button-text\">Faire un don<\/span>\n\t\t\t\t\t<\/span>\n\t\t\t\t\t<\/a>\n\t\t\t\t<\/div>\n\t\t\t\t\t\t\t\t<\/div>\n\t\t\t\t<\/div>\n\t\t\t\t\t<\/div>\n\t\t<\/div>\n\t\t\t\t<div class=\"elementor-column elementor-col-50 elementor-top-column elementor-element elementor-element-5e33118\" data-id=\"5e33118\" data-element_type=\"column\" data-e-type=\"column\">\n\t\t\t<div class=\"elementor-widget-wrap elementor-element-populated\">\n\t\t\t\t\t\t<div class=\"elementor-element elementor-element-d601b04 elementor-align-left elementor-mobile-align-center elementor-widget elementor-widget-button\" data-id=\"d601b04\" data-element_type=\"widget\" data-e-type=\"widget\" data-widget_type=\"button.default\">\n\t\t\t\t<div class=\"elementor-widget-container\">\n\t\t\t\t\t\t\t\t\t<div class=\"elementor-button-wrapper\">\n\t\t\t\t\t<a class=\"elementor-button elementor-button-link elementor-size-sm\" href=\"http:\/\/prowibo.org\/fr\/contact-us\/\">\n\t\t\t\t\t\t<span class=\"elementor-button-content-wrapper\">\n\t\t\t\t\t\t\t\t\t<span class=\"elementor-button-text\">Contactez-nous<\/span>\n\t\t\t\t\t<\/span>\n\t\t\t\t\t<\/a>\n\t\t\t\t<\/div>\n\t\t\t\t\t\t\t\t<\/div>\n\t\t\t\t<\/div>\n\t\t\t\t\t<\/div>\n\t\t<\/div>\n\t\t\t\t\t<\/div>\n\t\t<\/section>\n\t\t\t\t<\/div>","protected":false},"excerpt":{"rendered":"<p>Finances How your money is spent At Professors Without Borders, we firmly believe in upholding transparency and accountability in all our activities. We are proud to share these annual reports which document the diligent efforts of our team and dedicated volunteers, as well as the generous contributions of our donors. Thanks to their support we [&hellip;]<\/p>\n","protected":false},"author":4,"featured_media":0,"parent":0,"menu_order":0,"comment_status":"closed","ping_status":"closed","template":"elementor_header_footer","meta":{"footnotes":""},"class_list":["post-13006","page","type-page","status-publish","hentry"],"yoast_head":"<!-- This site is optimized with the Yoast SEO plugin v27.1.1 - https:\/\/yoast.com\/product\/yoast-seo-wordpress\/ -->\n<title>Finances - Professors Without Borders<\/title>\n<meta name=\"robots\" content=\"index, follow, max-snippet:-1, max-image-preview:large, max-video-preview:-1\" \/>\n<link rel=\"canonical\" href=\"https:\/\/prowibo.org\/fr\/finances\/\" \/>\n<meta property=\"og:locale\" content=\"fr_FR\" \/>\n<meta property=\"og:type\" content=\"article\" \/>\n<meta property=\"og:title\" content=\"Finances - Professors Without Borders\" \/>\n<meta property=\"og:description\" content=\"Finances How your money is spent At Professors Without Borders, we firmly believe in upholding transparency and accountability in all our activities. We are proud to share these annual reports which document the diligent efforts of our team and dedicated volunteers, as well as the generous contributions of our donors. Thanks to their support we [&hellip;]\" \/>\n<meta property=\"og:url\" content=\"https:\/\/prowibo.org\/fr\/finances\/\" \/>\n<meta property=\"og:site_name\" content=\"Professors Without Borders\" \/>\n<meta property=\"article:modified_time\" content=\"2026-01-15T16:21:49+00:00\" \/>\n<meta property=\"og:image\" content=\"http:\/\/prowibo.org\/wp-content\/uploads\/2026\/01\/24-25-Report-Cover.png\" \/>\n<meta name=\"twitter:card\" content=\"summary_large_image\" \/>\n<meta name=\"twitter:label1\" content=\"Dur\u00e9e de lecture estim\u00e9e\" \/>\n\t<meta name=\"twitter:data1\" content=\"2 minutes\" \/>\n<script type=\"application\/ld+json\" class=\"yoast-schema-graph\">{\"@context\":\"https:\/\/schema.org\",\"@graph\":[{\"@type\":\"WebPage\",\"@id\":\"https:\/\/prowibo.org\/finances\/\",\"url\":\"https:\/\/prowibo.org\/finances\/\",\"name\":\"Finances - Professors Without Borders\",\"isPartOf\":{\"@id\":\"https:\/\/prowibo.org\/#website\"},\"primaryImageOfPage\":{\"@id\":\"https:\/\/prowibo.org\/finances\/#primaryimage\"},\"image\":{\"@id\":\"https:\/\/prowibo.org\/finances\/#primaryimage\"},\"thumbnailUrl\":\"http:\/\/prowibo.org\/wp-content\/uploads\/2026\/01\/24-25-Report-Cover.png\",\"datePublished\":\"2023-02-17T20:46:28+00:00\",\"dateModified\":\"2026-01-15T16:21:49+00:00\",\"breadcrumb\":{\"@id\":\"https:\/\/prowibo.org\/finances\/#breadcrumb\"},\"inLanguage\":\"fr-FR\",\"potentialAction\":[{\"@type\":\"ReadAction\",\"target\":[\"https:\/\/prowibo.org\/finances\/\"]}]},{\"@type\":\"ImageObject\",\"inLanguage\":\"fr-FR\",\"@id\":\"https:\/\/prowibo.org\/finances\/#primaryimage\",\"url\":\"http:\/\/prowibo.org\/wp-content\/uploads\/2026\/01\/24-25-Report-Cover.png\",\"contentUrl\":\"http:\/\/prowibo.org\/wp-content\/uploads\/2026\/01\/24-25-Report-Cover.png\"},{\"@type\":\"BreadcrumbList\",\"@id\":\"https:\/\/prowibo.org\/finances\/#breadcrumb\",\"itemListElement\":[{\"@type\":\"ListItem\",\"position\":1,\"name\":\"Home\",\"item\":\"https:\/\/prowibo.org\/\"},{\"@type\":\"ListItem\",\"position\":2,\"name\":\"Finances\"}]},{\"@type\":\"WebSite\",\"@id\":\"https:\/\/prowibo.org\/#website\",\"url\":\"https:\/\/prowibo.org\/\",\"name\":\"Professors Without Borders\",\"description\":\"Educate, Inspire, Empower\",\"publisher\":{\"@id\":\"https:\/\/prowibo.org\/#organization\"},\"potentialAction\":[{\"@type\":\"SearchAction\",\"target\":{\"@type\":\"EntryPoint\",\"urlTemplate\":\"https:\/\/prowibo.org\/?s={search_term_string}\"},\"query-input\":{\"@type\":\"PropertyValueSpecification\",\"valueRequired\":true,\"valueName\":\"search_term_string\"}}],\"inLanguage\":\"fr-FR\"},{\"@type\":\"Organization\",\"@id\":\"https:\/\/prowibo.org\/#organization\",\"name\":\"Professors Without Borders\",\"url\":\"https:\/\/prowibo.org\/\",\"logo\":{\"@type\":\"ImageObject\",\"inLanguage\":\"fr-FR\",\"@id\":\"https:\/\/prowibo.org\/#\/schema\/logo\/image\/\",\"url\":\"https:\/\/prowibo.org\/wp-content\/uploads\/2023\/02\/cropped-Prowibo_logo.png\",\"contentUrl\":\"https:\/\/prowibo.org\/wp-content\/uploads\/2023\/02\/cropped-Prowibo_logo.png\",\"width\":1957,\"height\":863,\"caption\":\"Professors Without Borders\"},\"image\":{\"@id\":\"https:\/\/prowibo.org\/#\/schema\/logo\/image\/\"}}]}<\/script>\n<!-- \/ Yoast SEO plugin. -->","yoast_head_json":{"title":"Finances - Professors Without Borders","robots":{"index":"index","follow":"follow","max-snippet":"max-snippet:-1","max-image-preview":"max-image-preview:large","max-video-preview":"max-video-preview:-1"},"canonical":"https:\/\/prowibo.org\/fr\/finances\/","og_locale":"fr_FR","og_type":"article","og_title":"Finances - Professors Without Borders","og_description":"Finances How your money is spent At Professors Without Borders, we firmly believe in upholding transparency and accountability in all our activities. We are proud to share these annual reports which document the diligent efforts of our team and dedicated volunteers, as well as the generous contributions of our donors. Thanks to their support we [&hellip;]","og_url":"https:\/\/prowibo.org\/fr\/finances\/","og_site_name":"Professors Without Borders","article_modified_time":"2026-01-15T16:21:49+00:00","og_image":[{"url":"http:\/\/prowibo.org\/wp-content\/uploads\/2026\/01\/24-25-Report-Cover.png","type":"","width":"","height":""}],"twitter_card":"summary_large_image","twitter_misc":{"Dur\u00e9e de lecture estim\u00e9e":"2 minutes"},"schema":{"@context":"https:\/\/schema.org","@graph":[{"@type":"WebPage","@id":"https:\/\/prowibo.org\/finances\/","url":"https:\/\/prowibo.org\/finances\/","name":"Finances - Professors Without Borders","isPartOf":{"@id":"https:\/\/prowibo.org\/#website"},"primaryImageOfPage":{"@id":"https:\/\/prowibo.org\/finances\/#primaryimage"},"image":{"@id":"https:\/\/prowibo.org\/finances\/#primaryimage"},"thumbnailUrl":"http:\/\/prowibo.org\/wp-content\/uploads\/2026\/01\/24-25-Report-Cover.png","datePublished":"2023-02-17T20:46:28+00:00","dateModified":"2026-01-15T16:21:49+00:00","breadcrumb":{"@id":"https:\/\/prowibo.org\/finances\/#breadcrumb"},"inLanguage":"fr-FR","potentialAction":[{"@type":"ReadAction","target":["https:\/\/prowibo.org\/finances\/"]}]},{"@type":"ImageObject","inLanguage":"fr-FR","@id":"https:\/\/prowibo.org\/finances\/#primaryimage","url":"http:\/\/prowibo.org\/wp-content\/uploads\/2026\/01\/24-25-Report-Cover.png","contentUrl":"http:\/\/prowibo.org\/wp-content\/uploads\/2026\/01\/24-25-Report-Cover.png"},{"@type":"BreadcrumbList","@id":"https:\/\/prowibo.org\/finances\/#breadcrumb","itemListElement":[{"@type":"ListItem","position":1,"name":"Home","item":"https:\/\/prowibo.org\/"},{"@type":"ListItem","position":2,"name":"Finances"}]},{"@type":"WebSite","@id":"https:\/\/prowibo.org\/#website","url":"https:\/\/prowibo.org\/","name":"Professors Without Borders","description":"Educate, Inspire, Empower","publisher":{"@id":"https:\/\/prowibo.org\/#organization"},"potentialAction":[{"@type":"SearchAction","target":{"@type":"EntryPoint","urlTemplate":"https:\/\/prowibo.org\/?s={search_term_string}"},"query-input":{"@type":"PropertyValueSpecification","valueRequired":true,"valueName":"search_term_string"}}],"inLanguage":"fr-FR"},{"@type":"Organization","@id":"https:\/\/prowibo.org\/#organization","name":"Professors Without Borders","url":"https:\/\/prowibo.org\/","logo":{"@type":"ImageObject","inLanguage":"fr-FR","@id":"https:\/\/prowibo.org\/#\/schema\/logo\/image\/","url":"https:\/\/prowibo.org\/wp-content\/uploads\/2023\/02\/cropped-Prowibo_logo.png","contentUrl":"https:\/\/prowibo.org\/wp-content\/uploads\/2023\/02\/cropped-Prowibo_logo.png","width":1957,"height":863,"caption":"Professors Without Borders"},"image":{"@id":"https:\/\/prowibo.org\/#\/schema\/logo\/image\/"}}]}},"_links":{"self":[{"href":"https:\/\/prowibo.org\/fr\/wp-json\/wp\/v2\/pages\/13006","targetHints":{"allow":["GET"]}}],"collection":[{"href":"https:\/\/prowibo.org\/fr\/wp-json\/wp\/v2\/pages"}],"about":[{"href":"https:\/\/prowibo.org\/fr\/wp-json\/wp\/v2\/types\/page"}],"author":[{"embeddable":true,"href":"https:\/\/prowibo.org\/fr\/wp-json\/wp\/v2\/users\/4"}],"replies":[{"embeddable":true,"href":"https:\/\/prowibo.org\/fr\/wp-json\/wp\/v2\/comments?post=13006"}],"version-history":[{"count":66,"href":"https:\/\/prowibo.org\/fr\/wp-json\/wp\/v2\/pages\/13006\/revisions"}],"predecessor-version":[{"id":34219,"href":"https:\/\/prowibo.org\/fr\/wp-json\/wp\/v2\/pages\/13006\/revisions\/34219"}],"wp:attachment":[{"href":"https:\/\/prowibo.org\/fr\/wp-json\/wp\/v2\/media?parent=13006"}],"curies":[{"name":"wp","href":"https:\/\/api.w.org\/{rel}","templated":true}]}}